{"id":79,"date":"2020-05-21T12:55:53","date_gmt":"2020-05-21T12:55:53","guid":{"rendered":"http:\/\/heimbeatmung-ade.de\/?page_id=79"},"modified":"2024-05-07T14:18:08","modified_gmt":"2024-05-07T14:18:08","slug":"impressum","status":"publish","type":"page","link":"https:\/\/heimbeatmung-ade.de\/?page_id=79","title":{"rendered":"Impressum"},"content":{"rendered":"\t\t<div data-elementor-type=\"wp-page\" data-elementor-id=\"79\" class=\"elementor elementor-79\" data-elementor-settings=\"[]\">\n\t\t\t<div class=\"elementor-inner\">\n\t\t\t\t<div class=\"elementor-section-wrap\">\n\t\t\t\t\t\t\t<section class=\"elementor-element elementor-element-737048da elementor-section-boxed elementor-section-height-default elementor-section-height-default elementor-section elementor-top-section\" data-id=\"737048da\" data-element_type=\"section\">\n\t\t\t\t\t\t<div class=\"elementor-container elementor-column-gap-default\">\n\t\t\t\t<div class=\"elementor-row\">\n\t\t\t\t<div class=\"elementor-element elementor-element-29ef1810 elementor-column elementor-col-100 elementor-top-column\" data-id=\"29ef1810\" data-element_type=\"column\">\n\t\t\t<div class=\"elementor-column-wrap  elementor-element-populated\">\n\t\t\t\t\t<div class=\"elementor-widget-wrap\">\n\t\t\t\t<div class=\"elementor-element elementor-element-77b16850 elementor-widget elementor-widget-text-editor\" data-id=\"77b16850\" data-element_type=\"widget\" data-widget_type=\"text-editor.default\">\n\t\t\t\t<div class=\"elementor-widget-container\">\n\t\t\t\t\t<div class=\"elementor-text-editor elementor-clearfix\"><p><!-- wp:paragraph --><\/p>\n<h5>Impressum<\/h5>\n<p><strong>Heimbeatmung Ade GmbH<\/strong><\/p>\n<p><!-- \/wp:paragraph --><\/p>\n<p><!-- wp:paragraph --><\/p>\n<p>Pflegedienst f\u00fcr au\u00dferklinische Intensiv- und Beatmungspflege<\/p>\n<p><!-- \/wp:paragraph --><\/p>\n<p><!-- wp:paragraph --><\/p>\n<p>Gesch\u00e4ftsf\u00fchrerin: Anita Ade-Albecker<\/p>\n<p>\u00a0<\/p>\n<p>Erbprinzenstra\u00dfe 29a\u00a0<\/p>\n<p>76133 Karlsruhe<\/p>\n<p><!-- \/wp:paragraph --><\/p>\n<p><!-- wp:paragraph --><\/p>\n<p>Tel.:\u00a0\u00a0\u00a0 +49 721 96 49 71 88<br \/>Fax:\u00a0\u00a0\u00a0 +49 721 96 49 71 86<\/p>\n<p><!-- \/wp:paragraph --><\/p>\n<p><!-- wp:paragraph --><\/p>\n<p>Email: info@heimbeatmung-ade.de<\/p>\n<p>\u00a0<\/p>\n<p><!-- \/wp:paragraph --><\/p>\n<p><!-- wp:paragraph --><\/p>\n<p>IK: 460806890<\/p>\n<p>HRB 748544 | Amtsgericht Mannheim<\/p>\n<p>\u00a0<\/p>\n<h3 style=\"margin-bottom: 10px;font-size: 14px;line-height: 1.75;color: #333333;font-family: Lato, 'Helvetica Neue', Helvetica, Arial, sans-serif\">\u00a0<\/h3>\n<p><strong>Haftungsausschluss<\/strong><\/p>\n<p>\u00a0<\/p>\n<p>Haftung f\u00fcr Inhalte Die Inhalte unserer Seiten wurden mit gr\u00f6\u00dfter Sorgfalt erstellt. F\u00fcr die Richtigkeit, Vollst\u00e4ndigkeit und Aktualit\u00e4t der Inhalte k\u00f6nnen wir jedoch keine Gew\u00e4hr \u00fcbernehmen. Als Diensteanbieter sind wir gem\u00e4\u00df \u00a7 7 Abs.1 TMG f\u00fcr eigene Inhalte auf diesen Seiten nach den allgemeinen Gesetzen verantwortlich. Nach \u00a7\u00a7 8 bis 10 TMG sind wir als Diensteanbieter jedoch nicht verpflichtet, \u00fcbermittelte oder gespeicherte fremde Informationen zu \u00fcberwachen oder nach Umst\u00e4nden zu forschen, die auf eine rechtswidrige T\u00e4tigkeit hinweisen. Verpflichtungen zur Entfernung oder Sperrung der Nutzung von Informationen nach den allgemeinen Gesetzen bleiben hiervon unber\u00fchrt. Eine diesbez\u00fcgliche Haftung ist jedoch erst ab dem Zeitpunkt der Kenntnis einer konkreten Rechtsverletzung m\u00f6glich. Bei Bekanntwerden von entsprechenden Rechtsverletzungen werden wir diese Inhalte umgehend entfernen.\u00a0<\/p>\n<p>\u00a0<\/p>\n<p><strong>Haftung f\u00fcr Links\u00a0<\/strong><\/p>\n<p>\u00a0<\/p>\n<p>Unser Angebot enth\u00e4lt Links zu externen Webseiten Dritter, auf deren Inhalte wir keinen Einfluss haben. Deshalb k\u00f6nnen wir f\u00fcr diese fremden Inhalte auch keine Gew\u00e4hr \u00fcbernehmen. F\u00fcr die Inhalte der verlinkten Seiten ist stets der jeweilige Anbieter oder Betreiber der Seiten verantwortlich. Die verlinkten Seiten wurden zum Zeitpunkt der Verlinkung auf m\u00f6gliche Rechtsverst\u00f6\u00dfe \u00fcberpr\u00fcft. Rechtswidrige Inhalte waren zum Zeitpunkt der Verlinkung nicht erkennbar. Eine permanente inhaltliche Kontrolle der verlinkten Seiten ist jedoch ohne konkrete Anhaltspunkte einer Rechtsverletzung nicht zumutbar. Bei Bekanntwerden von Rechtsverletzungen werden wir derartige Links umgehend entfernen.\u00a0<\/p>\n<p>\u00a0<\/p>\n<p><strong>Urheberrecht\u00a0<\/strong><\/p>\n<p>\u00a0<\/p>\n<p>Die durch die Seitenbetreiber erstellten Inhalte und Werke auf diesen Seiten unterliegen dem deutschen Urheberrecht. Die Vervielf\u00e4ltigung, Bearbeitung, Verbreitung und jede Art der Verwertung au\u00dferhalb der Grenzen des Urheberrechtes bed\u00fcrfen der schriftlichen Zustimmung des jeweiligen Autors bzw. Erstellers. Downloads und Kopien dieser Seite sind nur f\u00fcr den privaten, nicht kommerziellen Gebrauch gestattet. Soweit die Inhalte auf dieser Seite nicht vom Betreiber erstellt wurden, werden die Urheberrechte Dritter beachtet. Insbesondere werden Inhalte Dritter als solche gekennzeichnet. Sollten Sie trotzdem auf eine Urheberrechtsverletzung aufmerksam werden, bitten wir um einen entsprechenden Hinweis. Bei Bekanntwerden von Rechtsverletzungen werden wir derartige Inhalte umgehend entfernen.<\/p>\n<p>\u00a0<\/p>\n<p style=\"margin-bottom: 10px;font-size: 14px;line-height: 1.75;color: #333333;font-family: Lato, 'Helvetica Neue', Helvetica, Arial, sans-serif\">\u00a0<\/p>\n<p style=\"margin-bottom: 10px;font-size: 14px;line-height: 1.75;color: #333333;font-family: Lato, 'Helvetica Neue', Helvetica, Arial, sans-serif\">\u00a0<\/p>\n<p style=\"margin-bottom: 10px;font-size: 14px;line-height: 1.75;color: #333333;font-family: Lato, 'Helvetica Neue', Helvetica, Arial, sans-serif\">\u00a0<\/p>\n<p style=\"margin-bottom: 10px;font-size: 14px;line-height: 1.75;color: #333333;font-family: Lato, 'Helvetica Neue', Helvetica, Arial, sans-serif\">\u00a0<\/p>\n<p style=\"margin-bottom: 10px;font-size: 14px;line-height: 1.75;color: #333333;font-family: Lato, 'Helvetica Neue', Helvetica, Arial, sans-serif\">\u00a0<\/p>\n<div style=\"margin: 0px;padding: 0px;direction: ltr;color: #222222;font-family: Roboto, 'Helvetica Neue', Helvetica, Helvetica, Arial, sans-serif;--darkreader-inline-color: #dcd9d4;--darkreader-inline-bgcolor: #181a1b\" data-darkreader-inline-bgcolor=\"\" data-darkreader-inline-color=\"\">\n<p style=\"margin-bottom: 1.25em;font-size: 1em;line-height: 1.6;padding: 0px;direction: ltr;font-family: inherit\"><strong>Datenschutzerk\u00e4rung<\/strong><\/p>\n<p style=\"margin-bottom: 1.25em;font-size: 1em;line-height: 1.6;padding: 0px;direction: ltr;font-family: inherit\">Die verantwortliche Stelle entscheidet allein oder gemeinsam mit anderen \u00fcber die Zwecke und Mittel der Verarbeitung von personenbezogenen Daten (z.B. Namen, Kontaktdaten o. \u00c4.).<\/p>\n<p style=\"margin-bottom: 1.25em;font-size: 1em;line-height: 1.6;padding: 0px;direction: ltr;font-family: inherit\"><span style=\"font-weight: bold;line-height: inherit\">Widerruf Ihrer Einwilligung zur Datenverarbeitung<\/span><\/p>\n<p style=\"margin-bottom: 1.25em;font-size: 1em;line-height: 1.6;padding: 0px;direction: ltr;font-family: inherit\">Nur mit Ihrer ausdr\u00fccklichen Einwilligung sind einige Vorg\u00e4nge der Datenverarbeitung m\u00f6glich. Ein Widerruf Ihrer bereits erteilten Einwilligung ist jederzeit m\u00f6glich. F\u00fcr den Widerruf gen\u00fcgt eine formlose Mitteilung per E-Mail. Die Rechtm\u00e4\u00dfigkeit der bis zum Widerruf erfolgten Datenverarbeitung bleibt vom Widerruf unber\u00fchrt.<\/p>\n<p style=\"margin-bottom: 1.25em;font-size: 1em;line-height: 1.6;padding: 0px;direction: ltr;font-family: inherit\"><span style=\"font-weight: bold;line-height: inherit\">Recht auf Beschwerde bei der zust\u00e4ndigen Aufsichtsbeh\u00f6rde<\/span><\/p>\n<p style=\"margin-bottom: 1.25em;font-size: 1em;line-height: 1.6;padding: 0px;direction: ltr;font-family: inherit\">Als Betroffener steht Ihnen im Falle eines datenschutzrechtlichen Versto\u00dfes ein Beschwerderecht bei der zust\u00e4ndigen Aufsichtsbeh\u00f6rde zu. Zust\u00e4ndige Aufsichtsbeh\u00f6rde bez\u00fcglich datenschutzrechtlicher Fragen ist der Landesdatenschutzbeauftragte des Bundeslandes, in dem sich der Sitz unseres Unternehmens befindet. Der folgende Link stellt eine Liste der Datenschutzbeauftragten sowie deren Kontaktdaten bereit:\u00a0<a style=\"color: #188ebf;line-height: inherit;--darkreader-inline-color: #68c5ec\" href=\"https:\/\/www.bfdi.bund.de\/DE\/Infothek\/Anschriften_Links\/anschriften_links-node.html\" target=\"_blank\" rel=\"noopener\" data-darkreader-inline-color=\"\">https:\/\/www.bfdi.bund.de\/DE\/Infothek\/Anschriften_Links\/anschriften_links-node.html<\/a>.<\/p>\n<p style=\"margin-bottom: 1.25em;font-size: 1em;line-height: 1.6;padding: 0px;direction: ltr;font-family: inherit\"><span style=\"font-weight: bold;line-height: inherit\">Recht auf Daten\u00fcbertragbarkeit<\/span><\/p>\n<p style=\"margin-bottom: 1.25em;font-size: 1em;line-height: 1.6;padding: 0px;direction: ltr;font-family: inherit\">Ihnen steht das Recht zu, Daten, die wir auf Grundlage Ihrer Einwilligung oder in Erf\u00fcllung eines Vertrags automatisiert verarbeiten, an sich oder an Dritte aush\u00e4ndigen zu lassen. Die Bereitstellung erfolgt in einem maschinenlesbaren Format. Sofern Sie die direkte \u00dcbertragung der Daten an einen anderen Verantwortlichen verlangen, erfolgt dies nur, soweit es technisch machbar ist.<\/p>\n<p style=\"margin-bottom: 1.25em;font-size: 1em;line-height: 1.6;padding: 0px;direction: ltr;font-family: inherit\"><span style=\"font-weight: bold;line-height: inherit\">Recht auf Auskunft, Berichtigung, Sperrung, L\u00f6schung<\/span><\/p>\n<p style=\"margin-bottom: 1.25em;font-size: 1em;line-height: 1.6;padding: 0px;direction: ltr;font-family: inherit\">Sie haben jederzeit im Rahmen der geltenden gesetzlichen Bestimmungen das Recht auf unentgeltliche Auskunft \u00fcber Ihre gespeicherten personenbezogenen Daten, Herkunft der Daten, deren Empf\u00e4nger und den Zweck der Datenverarbeitung und ggf. ein Recht auf Berichtigung, Sperrung oder L\u00f6schung dieser Daten. Diesbez\u00fcglich und auch zu weiteren Fragen zum Thema personenbezogene Daten k\u00f6nnen Sie sich jederzeit \u00fcber die im Impressum aufgef\u00fchrten Kontaktm\u00f6glichkeiten an uns wenden.<\/p>\n<p style=\"margin-bottom: 1.25em;font-size: 1em;line-height: 1.6;padding: 0px;direction: ltr;font-family: inherit\"><span style=\"font-weight: bold;line-height: inherit\">SSL- bzw. TLS-Verschl\u00fcsselung<\/span><\/p>\n<p style=\"margin-bottom: 1.25em;font-size: 1em;line-height: 1.6;padding: 0px;direction: ltr;font-family: inherit\">Aus Sicherheitsgr\u00fcnden und zum Schutz der \u00dcbertragung vertraulicher Inhalte, die Sie an uns als Seitenbetreiber senden, nutzt unsere Website eine SSL-bzw. TLS-Verschl\u00fcsselung. Damit sind Daten, die Sie \u00fcber diese Website \u00fcbermitteln, f\u00fcr Dritte nicht mitlesbar. Sie erkennen eine verschl\u00fcsselte Verbindung an der \u201ehttps:\/\/\u201c Adresszeile Ihres Browsers und am Schloss-Symbol in der Browserzeile.<\/p>\n<\/div>\n<div style=\"margin: 0px;padding: 0px;direction: ltr;color: #222222;font-family: Roboto, 'Helvetica Neue', Helvetica, Helvetica, Arial, sans-serif;--darkreader-inline-color: #dcd9d4;--darkreader-inline-bgcolor: #181a1b\" data-darkreader-inline-bgcolor=\"\" data-darkreader-inline-color=\"\">\n<p style=\"margin-bottom: 1.25em;font-size: 1em;line-height: 1.6;padding: 0px;direction: ltr;font-family: inherit\"><span style=\"font-weight: bold;line-height: inherit\">Server-Log-Dateien<\/span><\/p>\n<p style=\"margin-bottom: 1.25em;font-size: 1em;line-height: 1.6;padding: 0px;direction: ltr;font-family: inherit\">In Server-Log-Dateien erhebt und speichert der Provider der Website automatisch Informationen, die Ihr Browser automatisch an uns \u00fcbermittelt. Dies sind:<\/p>\n<ul style=\"margin-bottom: 20px;padding: 0px;direction: ltr;font-size: 1em;line-height: 22px;font-family: inherit\">\n<li style=\"margin: 0px 0px 0px 30px;padding: 0px;direction: ltr\">Browsertyp und Browserversion<\/li>\n<li style=\"margin: 0px 0px 0px 30px;padding: 0px;direction: ltr\">Verwendetes Betriebssystem<\/li>\n<li style=\"margin: 0px 0px 0px 30px;padding: 0px;direction: ltr\">Referrer URL<\/li>\n<li style=\"margin: 0px 0px 0px 30px;padding: 0px;direction: ltr\">Hostname des zugreifenden Rechners<\/li>\n<li style=\"margin: 0px 0px 0px 30px;padding: 0px;direction: ltr\">Uhrzeit der Serveranfrage<\/li>\n<li style=\"margin: 0px 0px 0px 30px;padding: 0px;direction: ltr\">IP-Adresse<\/li>\n<\/ul>\n<p style=\"margin-bottom: 1.25em;font-size: 1em;line-height: 1.6;padding: 0px;direction: ltr;font-family: inherit\">Es findet keine Zusammenf\u00fchrung dieser Daten mit anderen Datenquellen statt. Grundlage der Datenverarbeitung bildet Art. 6 Abs. 1 lit. b DSGVO, der die Verarbeitung von Daten zur Erf\u00fcllung eines Vertrags oder vorvertraglicher Ma\u00dfnahmen gestattet.<\/p>\n<p style=\"margin-bottom: 1.25em;font-size: 1em;line-height: 1.6;padding: 0px;direction: ltr;font-family: inherit\">\u00a0<\/p>\n<p style=\"margin-bottom: 1.25em;line-height: 1.6;padding: 0px;direction: ltr;font-family: Roboto, 'Helvetica Neue', Helvetica, Helvetica, Arial, sans-serif;color: #222222;--darkreader-inline-color: #dcd9d4;--darkreader-inline-bgcolor: #181a1b\" data-darkreader-inline-bgcolor=\"\" data-darkreader-inline-color=\"\"><span style=\"font-weight: bold;line-height: inherit\">Cookies<\/span><\/p>\n<p style=\"margin-bottom: 1.25em;line-height: 1.6;padding: 0px;direction: ltr;font-family: Roboto, 'Helvetica Neue', Helvetica, Helvetica, Arial, sans-serif;color: #222222;--darkreader-inline-color: #dcd9d4;--darkreader-inline-bgcolor: #181a1b\" data-darkreader-inline-bgcolor=\"\" data-darkreader-inline-color=\"\">Diese Website verwendet Cookies. Das sind kleine Textdateien, die Ihr Webbrowser auf Ihrem Endger\u00e4t speichert. Cookies helfen uns dabei, unser Angebot nutzerfreundlicher, effektiver und sicherer zu machen.<\/p>\n<p style=\"margin-bottom: 1.25em;line-height: 1.6;padding: 0px;direction: ltr;font-family: Roboto, 'Helvetica Neue', Helvetica, Helvetica, Arial, sans-serif;color: #222222;--darkreader-inline-color: #dcd9d4;--darkreader-inline-bgcolor: #181a1b\" data-darkreader-inline-bgcolor=\"\" data-darkreader-inline-color=\"\">Einige Cookies sind \u201cSession-Cookies.\u201d Solche Cookies werden nach Ende Ihrer Browser-Sitzung von selbst gel\u00f6scht. Hingegen bleiben andere Cookies auf Ihrem Endger\u00e4t bestehen, bis Sie diese selbst l\u00f6schen. Solche Cookies helfen uns, Sie bei R\u00fcckkehr auf unserer Website wiederzuerkennen.<\/p>\n<p style=\"margin-bottom: 1.25em;line-height: 1.6;padding: 0px;direction: ltr;font-family: Roboto, 'Helvetica Neue', Helvetica, Helvetica, Arial, sans-serif;color: #222222;--darkreader-inline-color: #dcd9d4;--darkreader-inline-bgcolor: #181a1b\" data-darkreader-inline-bgcolor=\"\" data-darkreader-inline-color=\"\">Mit einem modernen Webbrowser k\u00f6nnen Sie das Setzen von Cookies \u00fcberwachen, einschr\u00e4nken oder unterbinden. Viele Webbrowser lassen sich so konfigurieren, dass Cookies mit dem Schlie\u00dfen des Programms von selbst gel\u00f6scht werden. Die Deaktivierung von Cookies kann eine eingeschr\u00e4nkte Funktionalit\u00e4t unserer Website zur Folge haben.<\/p>\n<p style=\"margin-bottom: 1.25em;line-height: 1.6;padding: 0px;direction: ltr;font-family: Roboto, 'Helvetica Neue', Helvetica, Helvetica, Arial, sans-serif;color: #222222;--darkreader-inline-color: #dcd9d4;--darkreader-inline-bgcolor: #181a1b\" data-darkreader-inline-bgcolor=\"\" data-darkreader-inline-color=\"\">Das Setzen von Cookies, die zur Aus\u00fcbung elektronischer Kommunikationsvorg\u00e4nge oder der Bereitstellung bestimmter, von Ihnen erw\u00fcnschter Funktionen (z.B. Warenkorb) notwendig sind, erfolgt auf Grundlage von Art. 6 Abs. 1 lit. f DSGVO. Als Betreiber dieser Website haben wir ein berechtigtes Interesse an der Speicherung von Cookies zur technisch fehlerfreien und reibungslosen Bereitstellung unserer Dienste. Sofern die Setzung anderer Cookies (z.B. f\u00fcr Analyse-Funktionen) erfolgt, werden diese in dieser Datenschutzerkl\u00e4rung separat behandelt3<\/p>\n<\/div>\n<p><!-- \/wp:paragraph --><\/p><\/div>\n\t\t\t\t<\/div>\n\t\t\t\t<\/div>\n\t\t\t\t\t\t<\/div>\n\t\t\t<\/div>\n\t\t<\/div>\n\t\t\t\t\t\t<\/div>\n\t\t\t<\/div>\n\t\t<\/section>\n\t\t\t\t\t\t<\/div>\n\t\t\t<\/div>\n\t\t<\/div>\n\t\t","protected":false},"excerpt":{"rendered":"<p>Impressum Heimbeatmung Ade GmbH Pflegedienst f\u00fcr au\u00dferklinische Intensiv- und Beatmungspflege Gesch\u00e4ftsf\u00fchrerin: Anita Ade-Albecker \u00a0 Erbprinzenstra\u00dfe 29a\u00a0 76133 Karlsruhe Tel.:\u00a0\u00a0\u00a0 +49 721 96 49 71 88Fax:\u00a0\u00a0\u00a0 +49 721 96 49 71 86 Email: info@heimbeatmung-ade.de \u00a0 IK: 460806890 HRB 748544 | Amtsgericht Mannheim \u00a0 \u00a0 Haftungsausschluss \u00a0 Haftung f\u00fcr Inhalte Die Inhalte unserer Seiten wurden mit gr\u00f6\u00dfter [&hellip;]<\/p>\n","protected":false},"author":1,"featured_media":0,"parent":0,"menu_order":0,"comment_status":"closed","ping_status":"closed","template":"","meta":{"footnotes":""},"class_list":["post-79","page","type-page","status-publish","hentry"],"_links":{"self":[{"href":"https:\/\/heimbeatmung-ade.de\/index.php?rest_route=\/wp\/v2\/pages\/79","targetHints":{"allow":["GET"]}}],"collection":[{"href":"https:\/\/heimbeatmung-ade.de\/index.php?rest_route=\/wp\/v2\/pages"}],"about":[{"href":"https:\/\/heimbeatmung-ade.de\/index.php?rest_route=\/wp\/v2\/types\/page"}],"author":[{"embeddable":true,"href":"https:\/\/heimbeatmung-ade.de\/index.php?rest_route=\/wp\/v2\/users\/1"}],"replies":[{"embeddable":true,"href":"https:\/\/heimbeatmung-ade.de\/index.php?rest_route=%2Fwp%2Fv2%2Fcomments&post=79"}],"version-history":[{"count":15,"href":"https:\/\/heimbeatmung-ade.de\/index.php?rest_route=\/wp\/v2\/pages\/79\/revisions"}],"predecessor-version":[{"id":562,"href":"https:\/\/heimbeatmung-ade.de\/index.php?rest_route=\/wp\/v2\/pages\/79\/revisions\/562"}],"wp:attachment":[{"href":"https:\/\/heimbeatmung-ade.de\/index.php?rest_route=%2Fwp%2Fv2%2Fmedia&parent=79"}],"curies":[{"name":"wp","href":"https:\/\/api.w.org\/{rel}","templated":true}]}}