{"id":514,"date":"2022-01-04T13:33:21","date_gmt":"2022-01-04T13:33:21","guid":{"rendered":"https:\/\/heimbeatmung-ade.de\/?page_id=514"},"modified":"2024-05-07T15:44:36","modified_gmt":"2024-05-07T15:44:36","slug":"wohngemeinschaft","status":"publish","type":"page","link":"https:\/\/heimbeatmung-ade.de\/?page_id=514","title":{"rendered":"Wohngemeinschaft"},"content":{"rendered":"\n<div class=\"wp-block-columns is-layout-flex wp-container-core-columns-is-layout-9d6595d7 wp-block-columns-is-layout-flex\">\n<div class=\"wp-block-column is-layout-flow wp-block-column-is-layout-flow\" style=\"flex-basis:70%\">\n<h2 class=\"wp-block-heading\">Wohngemeinschaft am   Danziger Platz<\/h2>\n\n\n\n<div style=\"height:13px\" aria-hidden=\"true\" class=\"wp-block-spacer\"><\/div>\n\n\n\n<p>Unsere Wohngemeinschaft in Ludwigshafen am Rhein bietet das optimale Umfeld f\u00fcr die au\u00dferklinische Intensivpflege von intensivpflegebed\u00fcrftigen oder beatmungspflichtigen Menschen. Direkt am Danziger Platz in zentraler Lage von Ludwigshafen k\u00f6nnen wir famili\u00e4r versorgen und bieten gleichzeitig optimale M\u00f6glichkeiten f\u00fcr Pflege au\u00dferhalb der WG mit Teilhabe am Leben oder auch die M\u00f6glichkeit f\u00fcr Besuche durch eine sehr gute Verkehrsanbindung.<\/p>\n\n\n\n<div style=\"height:14px\" aria-hidden=\"true\" class=\"wp-block-spacer\"><\/div>\n\n\n\n<p>Unsere Wohngemeinschaft bietet Ihnen die M\u00f6glichkeit, in einem wohnlichem Umfeld versorgt zu werden. Hierbei legen wir Wert auf famili\u00e4re Atmosph\u00e4re und die kleinstm\u00f6gliche Einheit einer Wohngemeinschaft f\u00fcr au\u00dferklinische Intensivpflege. In der ambulant betreuten Wohngemeinschaft versorgen unsere speziell weitergebildeten Fachkr\u00e4fte die pflegebed\u00fcrftigen Menschen nach h\u00f6chsten Qualit\u00e4tsstandards sowie nach unseren besonderen Vorstellungen einer Wohngemeinschaft &#8211; famili\u00e4r und menschlich.<\/p>\n\n\n\n<div style=\"height:3px\" aria-hidden=\"true\" class=\"wp-block-spacer\"><\/div>\n\n\n\n<ul class=\"wp-block-list\" id=\"block-be7f2bb2-fb4f-4783-bab8-52230d0492fc\">\n<li>Es gibt ein festes Team, das die Betreuung \u00fcbernimmt. So entsteht ein besonderes Vertrauensverh\u00e4ltnis zwischen Patient und Pflegekraft<\/li>\n\n\n\n<li>Durch die kleine Einheit mit maximal 2 Bewohnern kann bestm\u00f6glich auf die Bed\u00fcrfnisse und W\u00fcnsche der versorgten Personen eingegangen werden.<\/li>\n\n\n\n<li>Aufgrund der Gr\u00f6\u00dfe herrscht in der Wohngemeinschaft eine sehr ruhige und stressfreie Atmosph\u00e4re, was in einer WG mit 6 oder 8 Bewohnern nicht m\u00f6glich w\u00e4re.<\/li>\n<\/ul>\n\n\n\n<div style=\"height:4px\" aria-hidden=\"true\" class=\"wp-block-spacer\"><\/div>\n\n\n\n<p>Um mehr \u00fcber unsere Wohngemeinschaften und unser Konzept zu erfahren, kontaktieren Sie uns gerne.<\/p>\n\n\n\n<div style=\"height:6px\" aria-hidden=\"true\" class=\"wp-block-spacer\"><\/div>\n\n\n\n<p>Wir stehen Ihnen bei Fragen zur Verf\u00fcgung.<\/p>\n\n\n\n<div style=\"height:65px\" aria-hidden=\"true\" class=\"wp-block-spacer\"><\/div>\n\n\n\n<p><\/p>\n\n\n\n<figure class=\"wp-block-image size-large is-resized\"><img loading=\"lazy\" decoding=\"async\" width=\"1024\" height=\"768\" src=\"https:\/\/heimbeatmung-ade.de\/wp-content\/uploads\/2024\/05\/Ade-WG-Wohnzimmer-1-1024x768.jpg\" alt=\"\" class=\"wp-image-580\" style=\"width:473px;height:auto\" srcset=\"https:\/\/heimbeatmung-ade.de\/wp-content\/uploads\/2024\/05\/Ade-WG-Wohnzimmer-1-1024x768.jpg 1024w, https:\/\/heimbeatmung-ade.de\/wp-content\/uploads\/2024\/05\/Ade-WG-Wohnzimmer-1-300x225.jpg 300w, https:\/\/heimbeatmung-ade.de\/wp-content\/uploads\/2024\/05\/Ade-WG-Wohnzimmer-1-768x576.jpg 768w, https:\/\/heimbeatmung-ade.de\/wp-content\/uploads\/2024\/05\/Ade-WG-Wohnzimmer-1-1536x1152.jpg 1536w, https:\/\/heimbeatmung-ade.de\/wp-content\/uploads\/2024\/05\/Ade-WG-Wohnzimmer-1.jpg 1600w\" sizes=\"auto, (max-width: 1024px) 100vw, 1024px\" \/><\/figure>\n<\/div>\n\n\n\n<div class=\"wp-block-column is-layout-flow wp-block-column-is-layout-flow\">\n<figure class=\"wp-block-image size-large is-resized\"><img loading=\"lazy\" decoding=\"async\" width=\"764\" height=\"1024\" src=\"https:\/\/heimbeatmung-ade.de\/wp-content\/uploads\/2024\/05\/Ade-WG-Kueche-1-764x1024.jpg\" alt=\"\" class=\"wp-image-576\" style=\"width:300px;height:auto\" srcset=\"https:\/\/heimbeatmung-ade.de\/wp-content\/uploads\/2024\/05\/Ade-WG-Kueche-1-764x1024.jpg 764w, https:\/\/heimbeatmung-ade.de\/wp-content\/uploads\/2024\/05\/Ade-WG-Kueche-1-224x300.jpg 224w, https:\/\/heimbeatmung-ade.de\/wp-content\/uploads\/2024\/05\/Ade-WG-Kueche-1-768x1030.jpg 768w, https:\/\/heimbeatmung-ade.de\/wp-content\/uploads\/2024\/05\/Ade-WG-Kueche-1-1146x1536.jpg 1146w, https:\/\/heimbeatmung-ade.de\/wp-content\/uploads\/2024\/05\/Ade-WG-Kueche-1-1527x2048.jpg 1527w, https:\/\/heimbeatmung-ade.de\/wp-content\/uploads\/2024\/05\/Ade-WG-Kueche-1.jpg 1678w\" sizes=\"auto, (max-width: 764px) 100vw, 764px\" \/><\/figure>\n\n\n\n<figure class=\"wp-block-image size-large is-resized\"><img loading=\"lazy\" decoding=\"async\" width=\"572\" height=\"1024\" src=\"https:\/\/heimbeatmung-ade.de\/wp-content\/uploads\/2024\/05\/Ade-WG-Eingang-1-572x1024.jpg\" alt=\"\" class=\"wp-image-578\" style=\"width:299px;height:auto\" srcset=\"https:\/\/heimbeatmung-ade.de\/wp-content\/uploads\/2024\/05\/Ade-WG-Eingang-1-572x1024.jpg 572w, https:\/\/heimbeatmung-ade.de\/wp-content\/uploads\/2024\/05\/Ade-WG-Eingang-1-168x300.jpg 168w, https:\/\/heimbeatmung-ade.de\/wp-content\/uploads\/2024\/05\/Ade-WG-Eingang-1-768x1375.jpg 768w, https:\/\/heimbeatmung-ade.de\/wp-content\/uploads\/2024\/05\/Ade-WG-Eingang-1-858x1536.jpg 858w, https:\/\/heimbeatmung-ade.de\/wp-content\/uploads\/2024\/05\/Ade-WG-Eingang-1-1144x2048.jpg 1144w, https:\/\/heimbeatmung-ade.de\/wp-content\/uploads\/2024\/05\/Ade-WG-Eingang-1.jpg 1257w\" sizes=\"auto, (max-width: 572px) 100vw, 572px\" \/><\/figure>\n<\/div>\n<\/div>\n\n\n\n<div style=\"height:20px\" aria-hidden=\"true\" class=\"wp-block-spacer\"><\/div>\n\n\n\n<p><\/p>\n\n\n\n<p><\/p>\n\n\n\n<p><\/p>\n","protected":false},"excerpt":{"rendered":"<p>Wohngemeinschaft am Danziger Platz Unsere Wohngemeinschaft in Ludwigshafen am Rhein bietet das optimale Umfeld f\u00fcr die au\u00dferklinische Intensivpflege von intensivpflegebed\u00fcrftigen oder beatmungspflichtigen Menschen. Direkt am Danziger Platz in zentraler Lage von Ludwigshafen k\u00f6nnen wir famili\u00e4r versorgen und bieten gleichzeitig optimale M\u00f6glichkeiten f\u00fcr Pflege au\u00dferhalb der WG mit Teilhabe am Leben oder auch die M\u00f6glichkeit f\u00fcr [&hellip;]<\/p>\n","protected":false},"author":1,"featured_media":0,"parent":0,"menu_order":0,"comment_status":"closed","ping_status":"closed","template":"","meta":{"footnotes":""},"class_list":["post-514","page","type-page","status-publish","hentry"],"_links":{"self":[{"href":"https:\/\/heimbeatmung-ade.de\/index.php?rest_route=\/wp\/v2\/pages\/514","targetHints":{"allow":["GET"]}}],"collection":[{"href":"https:\/\/heimbeatmung-ade.de\/index.php?rest_route=\/wp\/v2\/pages"}],"about":[{"href":"https:\/\/heimbeatmung-ade.de\/index.php?rest_route=\/wp\/v2\/types\/page"}],"author":[{"embeddable":true,"href":"https:\/\/heimbeatmung-ade.de\/index.php?rest_route=\/wp\/v2\/users\/1"}],"replies":[{"embeddable":true,"href":"https:\/\/heimbeatmung-ade.de\/index.php?rest_route=%2Fwp%2Fv2%2Fcomments&post=514"}],"version-history":[{"count":20,"href":"https:\/\/heimbeatmung-ade.de\/index.php?rest_route=\/wp\/v2\/pages\/514\/revisions"}],"predecessor-version":[{"id":586,"href":"https:\/\/heimbeatmung-ade.de\/index.php?rest_route=\/wp\/v2\/pages\/514\/revisions\/586"}],"wp:attachment":[{"href":"https:\/\/heimbeatmung-ade.de\/index.php?rest_route=%2Fwp%2Fv2%2Fmedia&parent=514"}],"curies":[{"name":"wp","href":"https:\/\/api.w.org\/{rel}","templated":true}]}}